{"id":67,"date":"2024-02-03T13:13:14","date_gmt":"2024-02-03T13:13:14","guid":{"rendered":"https:\/\/whitedovesforyoups.com\/?page_id=67"},"modified":"2024-07-03T21:19:27","modified_gmt":"2024-07-03T21:19:27","slug":"about-us","status":"publish","type":"page","link":"https:\/\/whitedovesforyoups.com\/es\/about-us\/","title":{"rendered":"Qui\u00e9nes Somos"},"content":{"rendered":"<div data-elementor-type=\"wp-page\" data-elementor-id=\"67\" class=\"elementor elementor-67\" data-elementor-post-type=\"page\">\n\t\t\t\t\t\t<section class=\"elementor-section elementor-top-section elementor-element elementor-element-ce2d497 elementor-section-boxed elementor-section-height-default elementor-section-height-default\" data-id=\"ce2d497\" data-element_type=\"section\" data-e-type=\"section\" data-settings=\"{&quot;background_background&quot;:&quot;classic&quot;,&quot;shape_divider_bottom&quot;:&quot;mountains&quot;}\">\n\t\t\t\t\t\t\t<div class=\"elementor-background-overlay\"><\/div>\n\t\t\t\t\t\t<div class=\"elementor-shape elementor-shape-bottom\" aria-hidden=\"true\" data-negative=\"false\">\n\t\t\t<svg xmlns=\"http:\/\/www.w3.org\/2000\/svg\" viewbox=\"0 0 1000 100\" preserveaspectratio=\"none\">\n\t<path class=\"elementor-shape-fill\" opacity=\"0.33\" d=\"M473,67.3c-203.9,88.3-263.1-34-320.3,0C66,119.1,0,59.7,0,59.7V0h1000v59.7 c0,0-62.1,26.1-94.9,29.3c-32.8,3.3-62.8-12.3-75.8-22.1C806,49.6,745.3,8.7,694.9,4.7S492.4,59,473,67.3z\"\/>\n\t<path class=\"elementor-shape-fill\" opacity=\"0.66\" d=\"M734,67.3c-45.5,0-77.2-23.2-129.1-39.1c-28.6-8.7-150.3-10.1-254,39.1 s-91.7-34.4-149.2,0C115.7,118.3,0,39.8,0,39.8V0h1000v36.5c0,0-28.2-18.5-92.1-18.5C810.2,18.1,775.7,67.3,734,67.3z\"\/>\n\t<path class=\"elementor-shape-fill\" d=\"M766.1,28.9c-200-57.5-266,65.5-395.1,19.5C242,1.8,242,5.4,184.8,20.6C128,35.8,132.3,44.9,89.9,52.5C28.6,63.7,0,0,0,0 h1000c0,0-9.9,40.9-83.6,48.1S829.6,47,766.1,28.9z\"\/>\n<\/svg>\t\t<\/div>\n\t\t\t\t\t<div class=\"elementor-container elementor-column-gap-default\">\n\t\t\t\t\t<div class=\"elementor-column elementor-col-100 elementor-top-column elementor-element elementor-element-d86aeac\" data-id=\"d86aeac\" data-element_type=\"column\" data-e-type=\"column\">\n\t\t\t<div class=\"elementor-widget-wrap elementor-element-populated\">\n\t\t\t\t\t\t<div class=\"elementor-element elementor-element-f603abd elementor-widget elementor-widget-heading\" data-id=\"f603abd\" data-element_type=\"widget\" data-e-type=\"widget\" data-widget_type=\"heading.default\">\n\t\t\t\t<div class=\"elementor-widget-container\">\n\t\t\t\t\t<h1 class=\"elementor-heading-title elementor-size-default\">Qui\u00e9nes Somos<\/h1>\t\t\t\t<\/div>\n\t\t\t\t<\/div>\n\t\t\t\t\t<\/div>\n\t\t<\/div>\n\t\t\t\t\t<\/div>\n\t\t<\/section>\n\t\t\t\t<section class=\"elementor-section elementor-top-section elementor-element elementor-element-70b0499 elementor-section-boxed elementor-section-height-default elementor-section-height-default\" data-id=\"70b0499\" data-element_type=\"section\" data-e-type=\"section\" data-settings=\"{&quot;background_background&quot;:&quot;classic&quot;}\">\n\t\t\t\t\t\t\t<div class=\"elementor-background-overlay\"><\/div>\n\t\t\t\t\t\t\t<div class=\"elementor-container elementor-column-gap-default\">\n\t\t\t\t\t<div class=\"elementor-column elementor-col-100 elementor-top-column elementor-element elementor-element-15f33a2\" data-id=\"15f33a2\" data-element_type=\"column\" data-e-type=\"column\" data-settings=\"{&quot;background_background&quot;:&quot;classic&quot;}\">\n\t\t\t<div class=\"elementor-widget-wrap elementor-element-populated\">\n\t\t\t\t\t<div class=\"elementor-background-overlay\"><\/div>\n\t\t\t\t\t\t<section class=\"elementor-section elementor-inner-section elementor-element elementor-element-53c5746 elementor-section-boxed elementor-section-height-default elementor-section-height-default\" data-id=\"53c5746\" data-element_type=\"section\" data-e-type=\"section\">\n\t\t\t\t\t\t<div class=\"elementor-container elementor-column-gap-default\">\n\t\t\t\t\t<div class=\"elementor-column elementor-col-50 elementor-inner-column elementor-element elementor-element-5c2ede3\" data-id=\"5c2ede3\" data-element_type=\"column\" data-e-type=\"column\">\n\t\t\t<div class=\"elementor-widget-wrap elementor-element-populated\">\n\t\t\t\t\t\t<div class=\"elementor-element elementor-element-49c29e8 elementor-widget__width-auto elementor-absolute elementor-widget elementor-widget-image\" data-id=\"49c29e8\" data-element_type=\"widget\" data-e-type=\"widget\" data-settings=\"{&quot;_position&quot;:&quot;absolute&quot;}\" data-widget_type=\"image.default\">\n\t\t\t\t<div class=\"elementor-widget-container\">\n\t\t\t\t\t\t\t\t\t\t\t\t\t\t\t<img fetchpriority=\"high\" decoding=\"async\" width=\"1005\" height=\"1024\" src=\"https:\/\/whitedovesforyoups.com\/wp-content\/uploads\/2024\/02\/White-Doves-32634-Converted-1005x1024.png\" class=\"attachment-large size-large wp-image-217\" alt=\"\" srcset=\"https:\/\/whitedovesforyoups.com\/wp-content\/uploads\/2024\/02\/White-Doves-32634-Converted-1005x1024.png 1005w, https:\/\/whitedovesforyoups.com\/wp-content\/uploads\/2024\/02\/White-Doves-32634-Converted-294x300.png 294w, https:\/\/whitedovesforyoups.com\/wp-content\/uploads\/2024\/02\/White-Doves-32634-Converted-768x783.png 768w, https:\/\/whitedovesforyoups.com\/wp-content\/uploads\/2024\/02\/White-Doves-32634-Converted-1507x1536.png 1507w, https:\/\/whitedovesforyoups.com\/wp-content\/uploads\/2024\/02\/White-Doves-32634-Converted-2009x2048.png 2009w, https:\/\/whitedovesforyoups.com\/wp-content\/uploads\/2024\/02\/White-Doves-32634-Converted-600x612.png 600w\" sizes=\"(max-width: 1005px) 100vw, 1005px\" \/>\t\t\t\t\t\t\t\t\t\t\t\t\t\t\t<\/div>\n\t\t\t\t<\/div>\n\t\t\t\t<div class=\"elementor-element elementor-element-762f8ec elementor-widget__width-auto elementor-absolute elementor-widget elementor-widget-image\" data-id=\"762f8ec\" data-element_type=\"widget\" data-e-type=\"widget\" data-settings=\"{&quot;_position&quot;:&quot;absolute&quot;}\" data-widget_type=\"image.default\">\n\t\t\t\t<div class=\"elementor-widget-container\">\n\t\t\t\t\t\t\t\t\t\t\t\t\t\t\t<img decoding=\"async\" width=\"253\" height=\"246\" src=\"https:\/\/whitedovesforyoups.com\/wp-content\/uploads\/2024\/02\/welcome-one-dot.png\" class=\"attachment-large size-large wp-image-1186\" alt=\"\" \/>\t\t\t\t\t\t\t\t\t\t\t\t\t\t\t<\/div>\n\t\t\t\t<\/div>\n\t\t\t\t<div class=\"elementor-element elementor-element-cec3a1e elementor-widget__width-auto elementor-widget elementor-widget-image\" data-id=\"cec3a1e\" data-element_type=\"widget\" data-e-type=\"widget\" data-widget_type=\"image.default\">\n\t\t\t\t<div class=\"elementor-widget-container\">\n\t\t\t\t\t\t\t\t\t\t\t\t\t\t\t<img decoding=\"async\" width=\"1024\" height=\"872\" src=\"https:\/\/whitedovesforyoups.com\/wp-content\/uploads\/2024\/07\/WhiteDovesforYouPS-Finals90-1024x872.jpg\" class=\"attachment-large size-large wp-image-1503\" alt=\"\" srcset=\"https:\/\/whitedovesforyoups.com\/wp-content\/uploads\/2024\/07\/WhiteDovesforYouPS-Finals90-1024x872.jpg 1024w, https:\/\/whitedovesforyoups.com\/wp-content\/uploads\/2024\/07\/WhiteDovesforYouPS-Finals90-300x255.jpg 300w, https:\/\/whitedovesforyoups.com\/wp-content\/uploads\/2024\/07\/WhiteDovesforYouPS-Finals90-768x654.jpg 768w, https:\/\/whitedovesforyoups.com\/wp-content\/uploads\/2024\/07\/WhiteDovesforYouPS-Finals90-1536x1308.jpg 1536w, https:\/\/whitedovesforyoups.com\/wp-content\/uploads\/2024\/07\/WhiteDovesforYouPS-Finals90-2048x1744.jpg 2048w, https:\/\/whitedovesforyoups.com\/wp-content\/uploads\/2024\/07\/WhiteDovesforYouPS-Finals90-600x511.jpg 600w\" sizes=\"(max-width: 1024px) 100vw, 1024px\" \/>\t\t\t\t\t\t\t\t\t\t\t\t\t\t\t<\/div>\n\t\t\t\t<\/div>\n\t\t\t\t<div class=\"elementor-element elementor-element-700b359 elementor-absolute elementor-widget elementor-widget-image\" data-id=\"700b359\" data-element_type=\"widget\" data-e-type=\"widget\" data-settings=\"{&quot;_position&quot;:&quot;absolute&quot;}\" data-widget_type=\"image.default\">\n\t\t\t\t<div class=\"elementor-widget-container\">\n\t\t\t\t\t\t\t\t\t\t\t\t\t\t\t<img loading=\"lazy\" decoding=\"async\" width=\"768\" height=\"511\" src=\"https:\/\/whitedovesforyoups.com\/wp-content\/uploads\/2024\/07\/WhiteDovesforYouPS-Finals81-768x511.jpg\" class=\"attachment-medium_large size-medium_large wp-image-1472\" alt=\"\" srcset=\"https:\/\/whitedovesforyoups.com\/wp-content\/uploads\/2024\/07\/WhiteDovesforYouPS-Finals81-768x511.jpg 768w, https:\/\/whitedovesforyoups.com\/wp-content\/uploads\/2024\/07\/WhiteDovesforYouPS-Finals81-300x200.jpg 300w, https:\/\/whitedovesforyoups.com\/wp-content\/uploads\/2024\/07\/WhiteDovesforYouPS-Finals81-1024x681.jpg 1024w, https:\/\/whitedovesforyoups.com\/wp-content\/uploads\/2024\/07\/WhiteDovesforYouPS-Finals81-1536x1022.jpg 1536w, https:\/\/whitedovesforyoups.com\/wp-content\/uploads\/2024\/07\/WhiteDovesforYouPS-Finals81-2048x1363.jpg 2048w, https:\/\/whitedovesforyoups.com\/wp-content\/uploads\/2024\/07\/WhiteDovesforYouPS-Finals81-600x399.jpg 600w\" sizes=\"(max-width: 768px) 100vw, 768px\" \/>\t\t\t\t\t\t\t\t\t\t\t\t\t\t\t<\/div>\n\t\t\t\t<\/div>\n\t\t\t\t\t<\/div>\n\t\t<\/div>\n\t\t\t\t<div class=\"elementor-column elementor-col-50 elementor-inner-column elementor-element elementor-element-453187f\" data-id=\"453187f\" data-element_type=\"column\" data-e-type=\"column\">\n\t\t\t<div class=\"elementor-widget-wrap elementor-element-populated\">\n\t\t\t\t\t\t<div class=\"elementor-element elementor-element-7d1a289 elementor-widget elementor-widget-heading\" data-id=\"7d1a289\" data-element_type=\"widget\" data-e-type=\"widget\" data-widget_type=\"heading.default\">\n\t\t\t\t<div class=\"elementor-widget-container\">\n\t\t\t\t\t<h2 class=\"elementor-heading-title elementor-size-default\">\u00a1Una Experiencia Inolvidable!<\/h2>\t\t\t\t<\/div>\n\t\t\t\t<\/div>\n\t\t\t\t<div class=\"elementor-element elementor-element-e11ce1b elementor-widget elementor-widget-text-editor\" data-id=\"e11ce1b\" data-element_type=\"widget\" data-e-type=\"widget\" data-widget_type=\"text-editor.default\">\n\t\t\t\t<div class=\"elementor-widget-container\">\n\t\t\t\t\t\t\t\t\t<p>Con muchos a\u00f1os de experiencia en la liberaci\u00f3n de palomas blancas, somos profesionales dedicados a prestar servicios en el \u00e1rea del Valle de Coachella. Nuestro enfoque meticuloso implica la selecci\u00f3n y el uso cuidadosos de palomas blancas de la m\u00e1s alta calidad, lo que garantiza su regreso seguro a casa despu\u00e9s de cada liberaci\u00f3n.<\/p>\t\t\t\t\t\t\t\t<\/div>\n\t\t\t\t<\/div>\n\t\t\t\t<div class=\"elementor-element elementor-element-7c444fc elementor-widget__width-auto elementor-mobile-align-center elementor-widget-mobile__width-inherit elementor-widget elementor-widget-button\" data-id=\"7c444fc\" data-element_type=\"widget\" data-e-type=\"widget\" data-widget_type=\"button.default\">\n\t\t\t\t<div class=\"elementor-widget-container\">\n\t\t\t\t\t\t\t\t\t<div class=\"elementor-button-wrapper\">\n\t\t\t\t\t<a class=\"elementor-button elementor-button-link elementor-size-sm elementor-animation-float\" href=\"https:\/\/whitedovesforyoups.com\/about-us\/\">\n\t\t\t\t\t\t<span class=\"elementor-button-content-wrapper\">\n\t\t\t\t\t\t\t\t\t<span class=\"elementor-button-text\">Qui\u00e9nes Somos<\/span>\n\t\t\t\t\t<\/span>\n\t\t\t\t\t<\/a>\n\t\t\t\t<\/div>\n\t\t\t\t\t\t\t\t<\/div>\n\t\t\t\t<\/div>\n\t\t\t\t\t<\/div>\n\t\t<\/div>\n\t\t\t\t\t<\/div>\n\t\t<\/section>\n\t\t\t\t\t<\/div>\n\t\t<\/div>\n\t\t\t\t\t<\/div>\n\t\t<\/section>\n\t\t\t\t<section class=\"elementor-section elementor-top-section elementor-element elementor-element-32ecef7 elementor-section-boxed elementor-section-height-default elementor-section-height-default\" data-id=\"32ecef7\" data-element_type=\"section\" data-e-type=\"section\">\n\t\t\t\t\t\t<div class=\"elementor-container elementor-column-gap-default\">\n\t\t\t\t\t<div class=\"elementor-column elementor-col-100 elementor-top-column elementor-element elementor-element-17ce0a6\" data-id=\"17ce0a6\" data-element_type=\"column\" data-e-type=\"column\">\n\t\t\t<div class=\"elementor-widget-wrap elementor-element-populated\">\n\t\t\t\t\t\t<div class=\"elementor-element elementor-element-e7548b8 elementor-widget-divider--view-line elementor-widget elementor-widget-divider\" data-id=\"e7548b8\" data-element_type=\"widget\" data-e-type=\"widget\" data-widget_type=\"divider.default\">\n\t\t\t\t<div class=\"elementor-widget-container\">\n\t\t\t\t\t\t\t<div class=\"elementor-divider\">\n\t\t\t<span class=\"elementor-divider-separator\">\n\t\t\t\t\t\t<\/span>\n\t\t<\/div>\n\t\t\t\t\t\t<\/div>\n\t\t\t\t<\/div>\n\t\t\t\t\t<\/div>\n\t\t<\/div>\n\t\t\t\t\t<\/div>\n\t\t<\/section>\n\t\t\t\t<\/div>","protected":false},"excerpt":{"rendered":"<p>About Us A Memorable Experience that you won&#8217;t forget! With many years of expertise in White Dove Release, we are [&hellip;]<\/p>\n","protected":false},"author":1,"featured_media":0,"parent":0,"menu_order":0,"comment_status":"closed","ping_status":"closed","template":"","meta":{"_coblocks_attr":"","_coblocks_dimensions":"","_coblocks_responsive_height":"","_coblocks_accordion_ie_support":"","site-sidebar-layout":"no-sidebar","site-content-layout":"","ast-site-content-layout":"full-width-container","site-content-style":"default","site-sidebar-style":"default","ast-global-header-display":"","ast-banner-title-visibility":"","ast-main-header-display":"","ast-hfb-above-header-display":"","ast-hfb-below-header-display":"","ast-hfb-mobile-header-display":"","site-post-title":"disabled","ast-breadcrumbs-content":"","ast-featured-img":"disabled","footer-sml-layout":"","ast-disable-related-posts":"","theme-transparent-header-meta":"","adv-header-id-meta":"","stick-header-meta":"","header-above-stick-meta":"","header-main-stick-meta":"","header-below-stick-meta":"","astra-migrate-meta-layouts":"default","ast-page-background-enabled":"default","ast-page-background-meta":{"desktop":{"background-color":"var(--ast-global-color-4)","background-image":"","background-repeat":"repeat","background-position":"center center","background-size":"auto","background-attachment":"scroll","background-type":"","background-media":"","overlay-type":"","overlay-color":"","overlay-opacity":"","overlay-gradient":""},"tablet":{"background-color":"","background-image":"","background-repeat":"repeat","background-position":"center center","background-size":"auto","background-attachment":"scroll","background-type":"","background-media":"","overlay-type":"","overlay-color":"","overlay-opacity":"","overlay-gradient":""},"mobile":{"background-color":"","background-image":"","background-repeat":"repeat","background-position":"center center","background-size":"auto","background-attachment":"scroll","background-type":"","background-media":"","overlay-type":"","overlay-color":"","overlay-opacity":"","overlay-gradient":""}},"ast-content-background-meta":{"desktop":{"background-color":"var(--ast-global-color-5)","background-image":"","background-repeat":"repeat","background-position":"center center","background-size":"auto","background-attachment":"scroll","background-type":"","background-media":"","overlay-type":"","overlay-color":"","overlay-opacity":"","overlay-gradient":""},"tablet":{"background-color":"var(--ast-global-color-5)","background-image":"","background-repeat":"repeat","background-position":"center center","background-size":"auto","background-attachment":"scroll","background-type":"","background-media":"","overlay-type":"","overlay-color":"","overlay-opacity":"","overlay-gradient":""},"mobile":{"background-color":"var(--ast-global-color-5)","background-image":"","background-repeat":"repeat","background-position":"center center","background-size":"auto","background-attachment":"scroll","background-type":"","background-media":"","overlay-type":"","overlay-color":"","overlay-opacity":"","overlay-gradient":""}},"footnotes":""},"class_list":["post-67","page","type-page","status-publish","hentry"],"yoast_head":"<!-- This site is optimized with the Yoast SEO plugin v27.4 - https:\/\/yoast.com\/product\/yoast-seo-wordpress\/ -->\n<title>About Us - White Doves For You PS<\/title>\n<meta name=\"robots\" content=\"index, follow, max-snippet:-1, max-image-preview:large, max-video-preview:-1\" \/>\n<link rel=\"canonical\" href=\"https:\/\/whitedovesforyoups.com\/es\/about-us\/\" \/>\n<meta property=\"og:locale\" content=\"es_ES\" \/>\n<meta property=\"og:type\" content=\"article\" \/>\n<meta property=\"og:title\" content=\"About Us - White Doves For You PS\" \/>\n<meta property=\"og:description\" content=\"About Us A Memorable Experience that you won&#8217;t forget! With many years of expertise in White Dove Release, we are [&hellip;]\" \/>\n<meta property=\"og:url\" content=\"https:\/\/whitedovesforyoups.com\/es\/about-us\/\" \/>\n<meta property=\"og:site_name\" content=\"White Doves For You PS\" \/>\n<meta property=\"article:modified_time\" content=\"2024-07-03T21:19:27+00:00\" \/>\n<meta property=\"og:image\" content=\"https:\/\/whitedovesforyoups.com\/wp-content\/uploads\/2024\/02\/White-Doves-32634-Converted-1005x1024.png\" \/>\n<meta name=\"twitter:card\" content=\"summary_large_image\" \/>\n<meta name=\"twitter:label1\" content=\"Tiempo de lectura\" \/>\n\t<meta name=\"twitter:data1\" content=\"2 minutos\" \/>\n<script type=\"application\/ld+json\" class=\"yoast-schema-graph\">{\"@context\":\"https:\\\/\\\/schema.org\",\"@graph\":[{\"@type\":\"WebPage\",\"@id\":\"https:\\\/\\\/whitedovesforyoups.com\\\/about-us\\\/\",\"url\":\"https:\\\/\\\/whitedovesforyoups.com\\\/about-us\\\/\",\"name\":\"About Us - White Doves For You PS\",\"isPartOf\":{\"@id\":\"https:\\\/\\\/whitedovesforyoups.com\\\/#website\"},\"primaryImageOfPage\":{\"@id\":\"https:\\\/\\\/whitedovesforyoups.com\\\/about-us\\\/#primaryimage\"},\"image\":{\"@id\":\"https:\\\/\\\/whitedovesforyoups.com\\\/about-us\\\/#primaryimage\"},\"thumbnailUrl\":\"https:\\\/\\\/whitedovesforyoups.com\\\/wp-content\\\/uploads\\\/2024\\\/02\\\/White-Doves-32634-Converted-1005x1024.png\",\"datePublished\":\"2024-02-03T13:13:14+00:00\",\"dateModified\":\"2024-07-03T21:19:27+00:00\",\"breadcrumb\":{\"@id\":\"https:\\\/\\\/whitedovesforyoups.com\\\/about-us\\\/#breadcrumb\"},\"inLanguage\":\"es\",\"potentialAction\":[{\"@type\":\"ReadAction\",\"target\":[\"https:\\\/\\\/whitedovesforyoups.com\\\/about-us\\\/\"]}]},{\"@type\":\"ImageObject\",\"inLanguage\":\"es\",\"@id\":\"https:\\\/\\\/whitedovesforyoups.com\\\/about-us\\\/#primaryimage\",\"url\":\"https:\\\/\\\/whitedovesforyoups.com\\\/wp-content\\\/uploads\\\/2024\\\/02\\\/White-Doves-32634-Converted-1005x1024.png\",\"contentUrl\":\"https:\\\/\\\/whitedovesforyoups.com\\\/wp-content\\\/uploads\\\/2024\\\/02\\\/White-Doves-32634-Converted-1005x1024.png\"},{\"@type\":\"BreadcrumbList\",\"@id\":\"https:\\\/\\\/whitedovesforyoups.com\\\/about-us\\\/#breadcrumb\",\"itemListElement\":[{\"@type\":\"ListItem\",\"position\":1,\"name\":\"Home\",\"item\":\"https:\\\/\\\/whitedovesforyoups.com\\\/\"},{\"@type\":\"ListItem\",\"position\":2,\"name\":\"About Us\"}]},{\"@type\":\"WebSite\",\"@id\":\"https:\\\/\\\/whitedovesforyoups.com\\\/#website\",\"url\":\"https:\\\/\\\/whitedovesforyoups.com\\\/\",\"name\":\"White Doves For You PS\",\"description\":\"\",\"potentialAction\":[{\"@type\":\"SearchAction\",\"target\":{\"@type\":\"EntryPoint\",\"urlTemplate\":\"https:\\\/\\\/whitedovesforyoups.com\\\/?s={search_term_string}\"},\"query-input\":{\"@type\":\"PropertyValueSpecification\",\"valueRequired\":true,\"valueName\":\"search_term_string\"}}],\"inLanguage\":\"es\"}]}<\/script>\n<!-- \/ Yoast SEO plugin. -->","yoast_head_json":{"title":"About Us - White Doves For You PS","robots":{"index":"index","follow":"follow","max-snippet":"max-snippet:-1","max-image-preview":"max-image-preview:large","max-video-preview":"max-video-preview:-1"},"canonical":"https:\/\/whitedovesforyoups.com\/es\/about-us\/","og_locale":"es_ES","og_type":"article","og_title":"About Us - White Doves For You PS","og_description":"About Us A Memorable Experience that you won&#8217;t forget! With many years of expertise in White Dove Release, we are [&hellip;]","og_url":"https:\/\/whitedovesforyoups.com\/es\/about-us\/","og_site_name":"White Doves For You PS","article_modified_time":"2024-07-03T21:19:27+00:00","og_image":[{"url":"https:\/\/whitedovesforyoups.com\/wp-content\/uploads\/2024\/02\/White-Doves-32634-Converted-1005x1024.png","type":"","width":"","height":""}],"twitter_card":"summary_large_image","twitter_misc":{"Tiempo de lectura":"2 minutos"},"schema":{"@context":"https:\/\/schema.org","@graph":[{"@type":"WebPage","@id":"https:\/\/whitedovesforyoups.com\/about-us\/","url":"https:\/\/whitedovesforyoups.com\/about-us\/","name":"About Us - White Doves For You PS","isPartOf":{"@id":"https:\/\/whitedovesforyoups.com\/#website"},"primaryImageOfPage":{"@id":"https:\/\/whitedovesforyoups.com\/about-us\/#primaryimage"},"image":{"@id":"https:\/\/whitedovesforyoups.com\/about-us\/#primaryimage"},"thumbnailUrl":"https:\/\/whitedovesforyoups.com\/wp-content\/uploads\/2024\/02\/White-Doves-32634-Converted-1005x1024.png","datePublished":"2024-02-03T13:13:14+00:00","dateModified":"2024-07-03T21:19:27+00:00","breadcrumb":{"@id":"https:\/\/whitedovesforyoups.com\/about-us\/#breadcrumb"},"inLanguage":"es","potentialAction":[{"@type":"ReadAction","target":["https:\/\/whitedovesforyoups.com\/about-us\/"]}]},{"@type":"ImageObject","inLanguage":"es","@id":"https:\/\/whitedovesforyoups.com\/about-us\/#primaryimage","url":"https:\/\/whitedovesforyoups.com\/wp-content\/uploads\/2024\/02\/White-Doves-32634-Converted-1005x1024.png","contentUrl":"https:\/\/whitedovesforyoups.com\/wp-content\/uploads\/2024\/02\/White-Doves-32634-Converted-1005x1024.png"},{"@type":"BreadcrumbList","@id":"https:\/\/whitedovesforyoups.com\/about-us\/#breadcrumb","itemListElement":[{"@type":"ListItem","position":1,"name":"Home","item":"https:\/\/whitedovesforyoups.com\/"},{"@type":"ListItem","position":2,"name":"About Us"}]},{"@type":"WebSite","@id":"https:\/\/whitedovesforyoups.com\/#website","url":"https:\/\/whitedovesforyoups.com\/","name":"White Doves For You PS","description":"","potentialAction":[{"@type":"SearchAction","target":{"@type":"EntryPoint","urlTemplate":"https:\/\/whitedovesforyoups.com\/?s={search_term_string}"},"query-input":{"@type":"PropertyValueSpecification","valueRequired":true,"valueName":"search_term_string"}}],"inLanguage":"es"}]}},"_links":{"self":[{"href":"https:\/\/whitedovesforyoups.com\/es\/wp-json\/wp\/v2\/pages\/67","targetHints":{"allow":["GET"]}}],"collection":[{"href":"https:\/\/whitedovesforyoups.com\/es\/wp-json\/wp\/v2\/pages"}],"about":[{"href":"https:\/\/whitedovesforyoups.com\/es\/wp-json\/wp\/v2\/types\/page"}],"author":[{"embeddable":true,"href":"https:\/\/whitedovesforyoups.com\/es\/wp-json\/wp\/v2\/users\/1"}],"replies":[{"embeddable":true,"href":"https:\/\/whitedovesforyoups.com\/es\/wp-json\/wp\/v2\/comments?post=67"}],"version-history":[{"count":85,"href":"https:\/\/whitedovesforyoups.com\/es\/wp-json\/wp\/v2\/pages\/67\/revisions"}],"predecessor-version":[{"id":1523,"href":"https:\/\/whitedovesforyoups.com\/es\/wp-json\/wp\/v2\/pages\/67\/revisions\/1523"}],"wp:attachment":[{"href":"https:\/\/whitedovesforyoups.com\/es\/wp-json\/wp\/v2\/media?parent=67"}],"curies":[{"name":"wp","href":"https:\/\/api.w.org\/{rel}","templated":true}]}}